{"id":9,"date":"2023-04-07T14:23:07","date_gmt":"2023-04-07T14:23:07","guid":{"rendered":"https:\/\/www.drguilhermegomes.com.br\/site\/?page_id=9"},"modified":"2023-04-12T14:39:03","modified_gmt":"2023-04-12T14:39:03","slug":"perfil","status":"publish","type":"page","link":"https:\/\/www.drguilhermegomes.com.br\/site\/perfil\/","title":{"rendered":"Perfil"},"content":{"rendered":"<p><img decoding=\"async\" class=\"size-medium wp-image-29 aligncenter\" src=\"https:\/\/www.drguilhermegomes.com.br\/site\/wp-content\/uploads\/2023\/04\/p-297x300.png\" alt=\"\" width=\"297\" height=\"300\"  loading=\"lazy\" srcset=\"https:\/\/www.drguilhermegomes.com.br\/site\/wp-content\/uploads\/2023\/04\/p-297x300.png 297w, https:\/\/www.drguilhermegomes.com.br\/site\/wp-content\/uploads\/2023\/04\/p.png 760w\" sizes=\"(max-width: 297px) 100vw, 297px\" \/><\/p>\n<h1 align=\"left\">DR. GUILHERME GOMES<\/h1>\n<ul>\n<li>Especialista em Radiologia Intervencionista, Cirurgia Endovascular e Radiologia e Diagn\u00f3stico por Imagem, com t\u00cdtulos reconhecidos pela SOBRICE , CBR e AMB;<\/li>\n<li>P\u00f3s graduado em Neuroradiointerven\u00e7\u00e3o no Hospital da Benefic\u00eancia Portuguesa de S\u00e3o Paulo<\/li>\n<li>Fellowship no MUSC em Charleston (Estados Unidos, 2012);<\/li>\n<li>Fellowship no Hospital Santa Lucia em Lisboa (Portugal,2014);<\/li>\n<li>Fellowship no Hospital Sant\u00b4\u00c1nne em Paris (Fran\u00e7a,2014);<\/li>\n<li>M\u00e9dico professor e preceptor da resid\u00eancia m\u00e9dica em Radiologia Intervencionista,\u00a0Radiologia e Diagn\u00f3stico por Imagem no HSVP.<\/li>\n<\/ul>\n","protected":false},"excerpt":{"rendered":"<p>DR. GUILHERME GOMES Especialista em Radiologia Intervencionista, Cirurgia Endovascular e Radiologia e Diagn\u00f3stico por Imagem, com t\u00cdtulos reconhecidos pela SOBRICE , CBR e AMB; P\u00f3s graduado em Neuroradiointerven\u00e7\u00e3o no Hospital da Benefic\u00eancia Portuguesa de S\u00e3o Paulo Fellowship no MUSC em Charleston (Estados Unidos, 2012); Fellowship no Hospital Santa Lucia em Lisboa (Portugal,2014); Fellowship no Hospital [&hellip;]<\/p>\n","protected":false},"author":1,"featured_media":0,"parent":0,"menu_order":0,"comment_status":"closed","ping_status":"closed","template":"","meta":{"footnotes":""},"class_list":["post-9","page","type-page","status-publish","hentry"],"_links":{"self":[{"href":"https:\/\/www.drguilhermegomes.com.br\/site\/wp-json\/wp\/v2\/pages\/9"}],"collection":[{"href":"https:\/\/www.drguilhermegomes.com.br\/site\/wp-json\/wp\/v2\/pages"}],"about":[{"href":"https:\/\/www.drguilhermegomes.com.br\/site\/wp-json\/wp\/v2\/types\/page"}],"author":[{"embeddable":true,"href":"https:\/\/www.drguilhermegomes.com.br\/site\/wp-json\/wp\/v2\/users\/1"}],"replies":[{"embeddable":true,"href":"https:\/\/www.drguilhermegomes.com.br\/site\/wp-json\/wp\/v2\/comments?post=9"}],"version-history":[{"count":9,"href":"https:\/\/www.drguilhermegomes.com.br\/site\/wp-json\/wp\/v2\/pages\/9\/revisions"}],"predecessor-version":[{"id":82,"href":"https:\/\/www.drguilhermegomes.com.br\/site\/wp-json\/wp\/v2\/pages\/9\/revisions\/82"}],"wp:attachment":[{"href":"https:\/\/www.drguilhermegomes.com.br\/site\/wp-json\/wp\/v2\/media?parent=9"}],"curies":[{"name":"wp","href":"https:\/\/api.w.org\/{rel}","templated":true}]}}